{"id":361,"date":"2024-11-22T22:07:41","date_gmt":"2024-11-22T22:07:41","guid":{"rendered":"https:\/\/fakiren.se\/?page_id=361"},"modified":"2024-11-22T22:07:41","modified_gmt":"2024-11-22T22:07:41","slug":"skadespelaren","status":"publish","type":"page","link":"https:\/\/fakiren.se\/?page_id=361","title":{"rendered":"Sk\u00e5despelaren"},"content":{"rendered":"\n<figure class=\"wp-block-image size-full\"><img loading=\"lazy\" decoding=\"async\" width=\"662\" height=\"645\" src=\"https:\/\/fakiren.se\/wp-content\/uploads\/2024\/10\/IMG_0876.jpeg\" alt=\"\" class=\"wp-image-68\" srcset=\"https:\/\/fakiren.se\/wp-content\/uploads\/2024\/10\/IMG_0876.jpeg 662w, https:\/\/fakiren.se\/wp-content\/uploads\/2024\/10\/IMG_0876-300x292.jpeg 300w\" sizes=\"auto, (max-width: 662px) 100vw, 662px\" \/><figcaption class=\"wp-element-caption\">Foto: Gun och Tage Persson<\/figcaption><\/figure>\n\n\n\n<p>Tobias T\u00f6rnell har i huvudsak fokuserat p\u00e5 barnteater men \u00e4ven roller som Viking, Pirat, \u00c4ngel och en karakt\u00e4r vid namn Toby.D.Tiger f\u00f6r att n\u00e4mna n\u00e5gra.<\/p>\n\n\n\n<figure class=\"wp-block-image size-full\"><img loading=\"lazy\" decoding=\"async\" width=\"750\" height=\"906\" src=\"https:\/\/fakiren.se\/wp-content\/uploads\/2024\/10\/IMG_0983.jpeg\" alt=\"\" class=\"wp-image-196\" srcset=\"https:\/\/fakiren.se\/wp-content\/uploads\/2024\/10\/IMG_0983.jpeg 750w, https:\/\/fakiren.se\/wp-content\/uploads\/2024\/10\/IMG_0983-248x300.jpeg 248w\" sizes=\"auto, (max-width: 750px) 100vw, 750px\" \/><figcaption class=\"wp-element-caption\">Foto: Sandra Liss Sandberg<\/figcaption><\/figure>\n\n\n\n<p>Under mer \u00e4n tio \u00e5rs tid turnerade han \u00e4ven i Sj\u00f6r\u00f6var\u00e4ventyr tillsammans med \u00c5ke Hellstr\u00f6m alias Kapten Schack Matt som Sj\u00f6r\u00f6varen Jubb Jubb.<\/p>\n\n\n\n<figure class=\"wp-block-image size-full\"><img loading=\"lazy\" decoding=\"async\" width=\"660\" height=\"412\" src=\"https:\/\/fakiren.se\/wp-content\/uploads\/2024\/10\/IMG_0879.jpeg\" alt=\"\" class=\"wp-image-63\" srcset=\"https:\/\/fakiren.se\/wp-content\/uploads\/2024\/10\/IMG_0879.jpeg 660w, https:\/\/fakiren.se\/wp-content\/uploads\/2024\/10\/IMG_0879-300x187.jpeg 300w\" sizes=\"auto, (max-width: 660px) 100vw, 660px\" \/><figcaption class=\"wp-element-caption\">Kapten Schack Matt &amp; Jubb Jubb<\/figcaption><\/figure>\n\n\n\n<p>Han har \u00e4ven varit karakt\u00e4rsmodell vid Mikas modellargentur under 90 talet d\u00e4r han bland annat upptr\u00e4dde p\u00e5 NKs stora modevisning i cirkus tema och l\u00e4t sig k\u00f6ras \u00f6ver med motorcyckel p\u00e5 catwalken bland alla modeller och mannek\u00e4nger.<\/p>\n\n\n\n<figure class=\"wp-block-image size-full\"><img loading=\"lazy\" decoding=\"async\" width=\"750\" height=\"929\" src=\"https:\/\/fakiren.se\/wp-content\/uploads\/2024\/10\/IMG_1013.jpeg\" alt=\"\" class=\"wp-image-168\" srcset=\"https:\/\/fakiren.se\/wp-content\/uploads\/2024\/10\/IMG_1013.jpeg 750w, https:\/\/fakiren.se\/wp-content\/uploads\/2024\/10\/IMG_1013-242x300.jpeg 242w\" sizes=\"auto, (max-width: 750px) 100vw, 750px\" \/><figcaption class=\"wp-element-caption\">Foto: Ma Lou Skoglund<\/figcaption><\/figure>\n\n\n\n<p>Tobias byggde en rustning av bild\u00e4ck i vilken han jonglerade med ett samurai sv\u00e4rd varp\u00e5 han kl\u00f6v en melon p\u00e5 en cirkus kollegas mage. Tv och tidningar valde att visa T\u00f6rnells konster trots att det var \u00f6ver hundra stj\u00e4rnmodeller med i f\u00f6rest\u00e4llningen. Han fick \u00e4ven tillf\u00e4lle att arbeta tillsammans med en kroppsm\u00e5lad Regina Lundh.<\/p>\n\n\n\n<p>T\u00f6rnell har spelat teater f\u00f6r b\u00e5de vuxna och barn genom \u00e5ren med hela sin sj\u00e4l och hela sitt hj\u00e4rta. En sann artist.<\/p>\n\n\n\n<figure class=\"wp-block-image size-full\"><img loading=\"lazy\" decoding=\"async\" width=\"655\" height=\"805\" src=\"https:\/\/fakiren.se\/wp-content\/uploads\/2024\/10\/IMG_0883.jpeg\" alt=\"\" class=\"wp-image-65\" srcset=\"https:\/\/fakiren.se\/wp-content\/uploads\/2024\/10\/IMG_0883.jpeg 655w, https:\/\/fakiren.se\/wp-content\/uploads\/2024\/10\/IMG_0883-244x300.jpeg 244w\" sizes=\"auto, (max-width: 655px) 100vw, 655px\" \/><figcaption class=\"wp-element-caption\">Foto: Bror T\u00f6rnell<\/figcaption><\/figure>\n\n\n\n<h2 class=\"wp-block-heading\">Leif Zorro Horror Show<\/h2>\n\n\n\n<p>Han turnerade \u00e4ven m\u00e5nga \u00e5r med Leif Zorro (Thomas Wistrand) i Leif Zorro Horror Show som performans artist p\u00e5 90 talet. M\u00e5nga stora f\u00f6retag nappade p\u00e5 detta koncept och det var en h\u00e4rlig tid med m\u00e5nga speciella m\u00f6ten.<\/p>\n\n\n\n<figure class=\"wp-block-image size-full\"><img loading=\"lazy\" decoding=\"async\" width=\"665\" height=\"636\" src=\"https:\/\/fakiren.se\/wp-content\/uploads\/2024\/10\/IMG_0884.jpeg\" alt=\"\" class=\"wp-image-62\" srcset=\"https:\/\/fakiren.se\/wp-content\/uploads\/2024\/10\/IMG_0884.jpeg 665w, https:\/\/fakiren.se\/wp-content\/uploads\/2024\/10\/IMG_0884-300x287.jpeg 300w\" sizes=\"auto, (max-width: 665px) 100vw, 665px\" \/><figcaption class=\"wp-element-caption\">Zorro &amp; Toby<\/figcaption><\/figure>\n\n\n\n<h2 class=\"wp-block-heading\">Cirkus, Teater &amp; <em>Variet\u00e9<\/em> Gymnasiet i G\u00e4vle  <\/h2>\n\n\n\n<p>Tobias gick p\u00e5 Vasaskolan i G\u00e4vle 1989-1991 och hade d\u00e5 det stora privilegiet att genom Seved Bornehed f\u00e5 ha Gycklargruppen som l\u00e4rare i allt fr\u00e5n jonglering, akrobatik till teater och <em>Variet\u00e9<\/em>. Ett underbart g\u00e4ng som g\u00e4rna delade med sig av sina breda kunskaper, erfarenheter och sin otroligt fina v\u00e4nskap.<\/p>\n\n\n\n<figure class=\"wp-block-image size-full\"><img loading=\"lazy\" decoding=\"async\" width=\"750\" height=\"849\" src=\"https:\/\/fakiren.se\/wp-content\/uploads\/2024\/10\/IMG_0886.jpeg\" alt=\"\" class=\"wp-image-61\" srcset=\"https:\/\/fakiren.se\/wp-content\/uploads\/2024\/10\/IMG_0886.jpeg 750w, https:\/\/fakiren.se\/wp-content\/uploads\/2024\/10\/IMG_0886-265x300.jpeg 265w\" sizes=\"auto, (max-width: 750px) 100vw, 750px\" \/><\/figure>\n\n\n\n<figure class=\"wp-block-image size-full\"><img loading=\"lazy\" decoding=\"async\" width=\"750\" height=\"895\" src=\"https:\/\/fakiren.se\/wp-content\/uploads\/2024\/10\/IMG_0899-1.jpeg\" alt=\"\" class=\"wp-image-264\" srcset=\"https:\/\/fakiren.se\/wp-content\/uploads\/2024\/10\/IMG_0899-1.jpeg 750w, https:\/\/fakiren.se\/wp-content\/uploads\/2024\/10\/IMG_0899-1-251x300.jpeg 251w\" sizes=\"auto, (max-width: 750px) 100vw, 750px\" \/><figcaption class=\"wp-element-caption\">Foto: Sandra Liss Sandberg<\/figcaption><\/figure>\n\n\n\n<figure class=\"wp-block-gallery has-nested-images columns-default is-cropped wp-block-gallery-1 is-layout-flex wp-block-gallery-is-layout-flex\">\n<figure class=\"wp-block-image size-large\"><img loading=\"lazy\" decoding=\"async\" width=\"749\" height=\"905\" data-id=\"358\" src=\"https:\/\/fakiren.se\/wp-content\/uploads\/2024\/11\/IMG_5388.jpeg\" alt=\"\" class=\"wp-image-358\" srcset=\"https:\/\/fakiren.se\/wp-content\/uploads\/2024\/11\/IMG_5388.jpeg 749w, https:\/\/fakiren.se\/wp-content\/uploads\/2024\/11\/IMG_5388-248x300.jpeg 248w\" sizes=\"auto, (max-width: 749px) 100vw, 749px\" \/><figcaption class=\"wp-element-caption\">Toby.D.Tiger<\/figcaption><\/figure>\n\n\n\n<figure class=\"wp-block-image size-large\"><img loading=\"lazy\" decoding=\"async\" width=\"750\" height=\"726\" data-id=\"357\" src=\"https:\/\/fakiren.se\/wp-content\/uploads\/2024\/11\/IMG_5389.jpeg\" alt=\"\" class=\"wp-image-357\" srcset=\"https:\/\/fakiren.se\/wp-content\/uploads\/2024\/11\/IMG_5389.jpeg 750w, https:\/\/fakiren.se\/wp-content\/uploads\/2024\/11\/IMG_5389-300x290.jpeg 300w\" sizes=\"auto, (max-width: 750px) 100vw, 750px\" \/><figcaption class=\"wp-element-caption\">Oden<\/figcaption><\/figure>\n\n\n\n<figure class=\"wp-block-image size-large\"><img loading=\"lazy\" decoding=\"async\" width=\"750\" height=\"733\" data-id=\"356\" src=\"https:\/\/fakiren.se\/wp-content\/uploads\/2024\/11\/IMG_5390.jpeg\" alt=\"\" class=\"wp-image-356\" srcset=\"https:\/\/fakiren.se\/wp-content\/uploads\/2024\/11\/IMG_5390.jpeg 750w, https:\/\/fakiren.se\/wp-content\/uploads\/2024\/11\/IMG_5390-300x293.jpeg 300w\" sizes=\"auto, (max-width: 750px) 100vw, 750px\" \/><figcaption class=\"wp-element-caption\">Jubb Jubb<\/figcaption><\/figure>\n\n\n\n<figure class=\"wp-block-image size-large\"><img loading=\"lazy\" decoding=\"async\" width=\"750\" height=\"762\" data-id=\"282\" src=\"https:\/\/fakiren.se\/wp-content\/uploads\/2024\/10\/IMG_1328.jpeg\" alt=\"\" class=\"wp-image-282\" srcset=\"https:\/\/fakiren.se\/wp-content\/uploads\/2024\/10\/IMG_1328.jpeg 750w, https:\/\/fakiren.se\/wp-content\/uploads\/2024\/10\/IMG_1328-295x300.jpeg 295w\" sizes=\"auto, (max-width: 750px) 100vw, 750px\" \/><figcaption class=\"wp-element-caption\">Foto: Anders Eriksson<\/figcaption><\/figure>\n\n\n\n<figure class=\"wp-block-image size-large\"><img loading=\"lazy\" decoding=\"async\" width=\"750\" height=\"735\" data-id=\"266\" src=\"https:\/\/fakiren.se\/wp-content\/uploads\/2024\/10\/IMG_0897-1.jpeg\" alt=\"\" class=\"wp-image-266\" srcset=\"https:\/\/fakiren.se\/wp-content\/uploads\/2024\/10\/IMG_0897-1.jpeg 750w, https:\/\/fakiren.se\/wp-content\/uploads\/2024\/10\/IMG_0897-1-300x294.jpeg 300w\" sizes=\"auto, (max-width: 750px) 100vw, 750px\" \/><figcaption class=\"wp-element-caption\">Foto: \u00c5ke Hellstr\u00f6m<\/figcaption><\/figure>\n\n\n\n<figure class=\"wp-block-image size-large\"><img loading=\"lazy\" decoding=\"async\" width=\"750\" height=\"722\" data-id=\"260\" src=\"https:\/\/fakiren.se\/wp-content\/uploads\/2024\/10\/IMG_0904-1.jpeg\" alt=\"\" class=\"wp-image-260\" srcset=\"https:\/\/fakiren.se\/wp-content\/uploads\/2024\/10\/IMG_0904-1.jpeg 750w, https:\/\/fakiren.se\/wp-content\/uploads\/2024\/10\/IMG_0904-1-300x289.jpeg 300w\" sizes=\"auto, (max-width: 750px) 100vw, 750px\" \/><figcaption class=\"wp-element-caption\">Foto: Johanna.K.Sandstr\u00f6m<\/figcaption><\/figure>\n\n\n\n<figure class=\"wp-block-image size-large\"><img loading=\"lazy\" decoding=\"async\" width=\"750\" height=\"695\" data-id=\"238\" src=\"https:\/\/fakiren.se\/wp-content\/uploads\/2024\/10\/IMG_0934.jpeg\" alt=\"\" class=\"wp-image-238\" srcset=\"https:\/\/fakiren.se\/wp-content\/uploads\/2024\/10\/IMG_0934.jpeg 750w, https:\/\/fakiren.se\/wp-content\/uploads\/2024\/10\/IMG_0934-300x278.jpeg 300w\" sizes=\"auto, (max-width: 750px) 100vw, 750px\" \/><figcaption class=\"wp-element-caption\">Tigerbr\u00f6der<\/figcaption><\/figure>\n\n\n\n<figure class=\"wp-block-image size-large\"><img loading=\"lazy\" decoding=\"async\" width=\"737\" height=\"726\" data-id=\"194\" src=\"https:\/\/fakiren.se\/wp-content\/uploads\/2024\/10\/IMG_0986.jpeg\" alt=\"\" class=\"wp-image-194\" srcset=\"https:\/\/fakiren.se\/wp-content\/uploads\/2024\/10\/IMG_0986.jpeg 737w, https:\/\/fakiren.se\/wp-content\/uploads\/2024\/10\/IMG_0986-300x296.jpeg 300w\" sizes=\"auto, (max-width: 737px) 100vw, 737px\" \/><\/figure>\n\n\n\n<figure class=\"wp-block-image size-large\"><img loading=\"lazy\" decoding=\"async\" width=\"750\" height=\"708\" data-id=\"186\" src=\"https:\/\/fakiren.se\/wp-content\/uploads\/2024\/10\/IMG_0994.jpeg\" alt=\"\" class=\"wp-image-186\" srcset=\"https:\/\/fakiren.se\/wp-content\/uploads\/2024\/10\/IMG_0994.jpeg 750w, https:\/\/fakiren.se\/wp-content\/uploads\/2024\/10\/IMG_0994-300x283.jpeg 300w\" sizes=\"auto, (max-width: 750px) 100vw, 750px\" \/><figcaption class=\"wp-element-caption\">Foto: Johanna.K.Sandstr\u00f6m<\/figcaption><\/figure>\n\n\n\n<figure class=\"wp-block-image size-large\"><img loading=\"lazy\" decoding=\"async\" width=\"750\" height=\"781\" data-id=\"125\" src=\"https:\/\/fakiren.se\/wp-content\/uploads\/2024\/10\/IMG_1057.jpeg\" alt=\"\" class=\"wp-image-125\" srcset=\"https:\/\/fakiren.se\/wp-content\/uploads\/2024\/10\/IMG_1057.jpeg 750w, https:\/\/fakiren.se\/wp-content\/uploads\/2024\/10\/IMG_1057-288x300.jpeg 288w\" sizes=\"auto, (max-width: 750px) 100vw, 750px\" \/><figcaption class=\"wp-element-caption\">Hattmakaren <\/figcaption><\/figure>\n<\/figure>\n\n\n\n<figure class=\"wp-block-gallery has-nested-images columns-default is-cropped wp-block-gallery-2 is-layout-flex wp-block-gallery-is-layout-flex\">\n<figure class=\"wp-block-image size-large\"><img loading=\"lazy\" decoding=\"async\" width=\"750\" height=\"716\" data-id=\"118\" src=\"https:\/\/fakiren.se\/wp-content\/uploads\/2024\/10\/IMG_1064.jpeg\" alt=\"\" class=\"wp-image-118\" srcset=\"https:\/\/fakiren.se\/wp-content\/uploads\/2024\/10\/IMG_1064.jpeg 750w, https:\/\/fakiren.se\/wp-content\/uploads\/2024\/10\/IMG_1064-300x286.jpeg 300w\" sizes=\"auto, (max-width: 750px) 100vw, 750px\" \/><\/figure>\n\n\n\n<figure class=\"wp-block-image size-large\"><img loading=\"lazy\" decoding=\"async\" width=\"750\" height=\"742\" data-id=\"107\" src=\"https:\/\/fakiren.se\/wp-content\/uploads\/2024\/10\/IMG_1078.jpeg\" alt=\"\" class=\"wp-image-107\" srcset=\"https:\/\/fakiren.se\/wp-content\/uploads\/2024\/10\/IMG_1078.jpeg 750w, https:\/\/fakiren.se\/wp-content\/uploads\/2024\/10\/IMG_1078-300x297.jpeg 300w\" sizes=\"auto, (max-width: 750px) 100vw, 750px\" \/><\/figure>\n<\/figure>\n\n\n\n<figure class=\"wp-block-image size-full\"><img loading=\"lazy\" decoding=\"async\" width=\"750\" height=\"541\" src=\"https:\/\/fakiren.se\/wp-content\/uploads\/2024\/10\/IMG_0946.jpeg\" alt=\"\" class=\"wp-image-231\" srcset=\"https:\/\/fakiren.se\/wp-content\/uploads\/2024\/10\/IMG_0946.jpeg 750w, https:\/\/fakiren.se\/wp-content\/uploads\/2024\/10\/IMG_0946-300x216.jpeg 300w\" sizes=\"auto, (max-width: 750px) 100vw, 750px\" \/><figcaption class=\"wp-element-caption\">JUBB JUBB<\/figcaption><\/figure>\n\n\n\n<figure class=\"wp-block-image size-full\"><img loading=\"lazy\" decoding=\"async\" width=\"665\" height=\"521\" src=\"https:\/\/fakiren.se\/wp-content\/uploads\/2024\/10\/IMG_0889.jpeg\" alt=\"\" class=\"wp-image-60\" srcset=\"https:\/\/fakiren.se\/wp-content\/uploads\/2024\/10\/IMG_0889.jpeg 665w, https:\/\/fakiren.se\/wp-content\/uploads\/2024\/10\/IMG_0889-300x235.jpeg 300w\" sizes=\"auto, (max-width: 665px) 100vw, 665px\" \/><figcaption class=\"wp-element-caption\">Foto: Sandra Liss Sandberg<\/figcaption><\/figure>\n\n\n\n<h2 class=\"wp-block-heading\">fakiren@live.se<\/h2>\n","protected":false},"excerpt":{"rendered":"<p>Tobias T\u00f6rnell har i huvudsak fokuserat p\u00e5 barnteater men \u00e4ven roller som Viking, Pirat, \u00c4ngel och en karakt\u00e4r vid namn Toby.D.Tiger f\u00f6r att n\u00e4mna n\u00e5gra. Under mer \u00e4n tio \u00e5rs tid turnerade han \u00e4ven i Sj\u00f6r\u00f6var\u00e4ventyr tillsammans med \u00c5ke Hellstr\u00f6m alias Kapten Schack Matt som Sj\u00f6r\u00f6varen Jubb Jubb. Han har \u00e4ven varit karakt\u00e4rsmodell vid Mikas [&hellip;]<\/p>\n","protected":false},"author":2,"featured_media":0,"parent":0,"menu_order":0,"comment_status":"closed","ping_status":"closed","template":"","meta":{"footnotes":""},"class_list":["post-361","page","type-page","status-publish","hentry"],"_links":{"self":[{"href":"https:\/\/fakiren.se\/index.php?rest_route=\/wp\/v2\/pages\/361","targetHints":{"allow":["GET"]}}],"collection":[{"href":"https:\/\/fakiren.se\/index.php?rest_route=\/wp\/v2\/pages"}],"about":[{"href":"https:\/\/fakiren.se\/index.php?rest_route=\/wp\/v2\/types\/page"}],"author":[{"embeddable":true,"href":"https:\/\/fakiren.se\/index.php?rest_route=\/wp\/v2\/users\/2"}],"replies":[{"embeddable":true,"href":"https:\/\/fakiren.se\/index.php?rest_route=%2Fwp%2Fv2%2Fcomments&post=361"}],"version-history":[{"count":4,"href":"https:\/\/fakiren.se\/index.php?rest_route=\/wp\/v2\/pages\/361\/revisions"}],"predecessor-version":[{"id":367,"href":"https:\/\/fakiren.se\/index.php?rest_route=\/wp\/v2\/pages\/361\/revisions\/367"}],"wp:attachment":[{"href":"https:\/\/fakiren.se\/index.php?rest_route=%2Fwp%2Fv2%2Fmedia&parent=361"}],"curies":[{"name":"wp","href":"https:\/\/api.w.org\/{rel}","templated":true}]}}